{"id":219,"date":"2025-05-20T18:06:12","date_gmt":"2025-05-20T18:06:12","guid":{"rendered":"https:\/\/mcotaques.adv.br\/?page_id=219"},"modified":"2026-01-12T16:24:09","modified_gmt":"2026-01-12T16:24:09","slug":"quem-somos","status":"publish","type":"page","link":"https:\/\/mcotaques.adv.br\/en\/quem-somos\/","title":{"rendered":"Quem Somos"},"content":{"rendered":"<div data-elementor-type=\"wp-page\" data-elementor-id=\"219\" class=\"elementor elementor-219\" data-elementor-post-type=\"page\"> \t\t\t\t\t\t<section class=\"elementor-section elementor-top-section elementor-element elementor-element-006ab17 elementor-section-height-min-height elementor-section-items-bottom elementor-section-boxed elementor-section-height-default\" data-id=\"006ab17\" data-element_type=\"section\" data-e-type=\"section\" data-settings=\"{&quot;background_background&quot;:&quot;classic&quot;}\"> \t\t\t\t\t\t\t<div class=\"elementor-background-overlay\"><\/div> \t\t\t\t\t\t\t<div class=\"elementor-container elementor-column-gap-default\"> \t\t\t\t\t<div class=\"elementor-column elementor-col-100 elementor-top-column elementor-element elementor-element-50a7530\" data-id=\"50a7530\" data-element_type=\"column\" data-e-type=\"column\"> \t\t\t<div class=\"elementor-widget-wrap elementor-element-populated\"> \t\t\t\t\t\t<div class=\"elementor-element elementor-element-27d6c61 elementor-widget elementor-widget-heading\" data-id=\"27d6c61\" data-element_type=\"widget\" data-e-type=\"widget\" data-widget_type=\"heading.default\"> \t\t\t\t<div class=\"elementor-widget-container\"> \t\t\t\t\t<h2 class=\"elementor-heading-title elementor-size-default\">QUEM SOMOS<\/h2>\t\t\t\t<\/div> \t\t\t\t<\/div> \t\t\t\t<div class=\"elementor-element elementor-element-2a036ba elementor-widget elementor-widget-text-editor\" data-id=\"2a036ba\" data-element_type=\"widget\" data-e-type=\"widget\" data-widget_type=\"text-editor.default\"> \t\t\t\t<div class=\"elementor-widget-container\"> \t\t\t\t\t\t\t\t\t<p>A <strong>MCOTAQUES ADVOCACIA<\/strong> \u00e9 reconhecida pela sua vasta experi\u00eancia e s\u00f3lida reputa\u00e7\u00e3o, oferecendo solu\u00e7\u00f5es jur\u00eddicas inovadoras, acess\u00edveis e confi\u00e1veis, tanto para pessoas f\u00edsicas quanto jur\u00eddicas objetivando os melhores resultados.<\/p>\t\t\t\t\t\t\t\t<\/div> \t\t\t\t<\/div> \t\t\t\t\t<\/div> \t\t<\/div> \t\t\t\t\t<\/div> \t\t<\/section> \t\t\t\t<section class=\"elementor-section elementor-top-section elementor-element elementor-element-9656c2f elementor-section-boxed elementor-section-height-default elementor-section-height-default\" data-id=\"9656c2f\" data-element_type=\"section\" data-e-type=\"section\"> \t\t\t\t\t\t<div class=\"elementor-container elementor-column-gap-default\"> \t\t\t\t\t<div class=\"elementor-column elementor-col-100 elementor-top-column elementor-element elementor-element-cef0c36\" data-id=\"cef0c36\" data-element_type=\"column\" data-e-type=\"column\"> \t\t\t<div class=\"elementor-widget-wrap elementor-element-populated\"> \t\t\t\t\t\t<div class=\"elementor-element elementor-element-0e14590 elementor-widget elementor-widget-heading\" data-id=\"0e14590\" data-element_type=\"widget\" data-e-type=\"widget\" data-widget_type=\"heading.default\"> \t\t\t\t<div class=\"elementor-widget-container\"> \t\t\t\t\t<h2 class=\"elementor-heading-title elementor-size-default\">Miss\u00e3o, Vis\u00e3o e Valores <\/h2>\t\t\t\t<\/div> \t\t\t\t<\/div> \t\t\t\t<div class=\"elementor-element elementor-element-9d994df elementor-widget-divider--view-line elementor-widget elementor-widget-divider\" data-id=\"9d994df\" data-element_type=\"widget\" data-e-type=\"widget\" data-widget_type=\"divider.default\"> \t\t\t\t<div class=\"elementor-widget-container\"> \t\t\t\t\t\t\t<div class=\"elementor-divider\"> \t\t\t<span class=\"elementor-divider-separator\"> \t\t\t\t\t\t<\/span> \t\t<\/div> \t\t\t\t\t\t<\/div> \t\t\t\t<\/div> \t\t\t\t<section class=\"elementor-section elementor-inner-section elementor-element elementor-element-1b8f699 elementor-section-boxed elementor-section-height-default elementor-section-height-default\" data-id=\"1b8f699\" data-element_type=\"section\" data-e-type=\"section\"> \t\t\t\t\t\t<div class=\"elementor-container elementor-column-gap-default\"> \t\t\t\t\t<div class=\"elementor-column elementor-col-33 elementor-inner-column elementor-element elementor-element-44241bc\" data-id=\"44241bc\" data-element_type=\"column\" data-e-type=\"column\" data-settings=\"{&quot;background_background&quot;:&quot;classic&quot;}\"> \t\t\t<div class=\"elementor-widget-wrap elementor-element-populated\"> \t\t\t\t\t\t<div class=\"elementor-element elementor-element-b7f156e elementor-view-default elementor-position-block-start elementor-mobile-position-block-start elementor-widget elementor-widget-icon-box\" data-id=\"b7f156e\" data-element_type=\"widget\" data-e-type=\"widget\" data-widget_type=\"icon-box.default\"> \t\t\t\t<div class=\"elementor-widget-container\"> \t\t\t\t\t\t\t<div class=\"elementor-icon-box-wrapper\">  \t\t\t\t\t\t<div class=\"elementor-icon-box-icon\"> \t\t\t\t<span  class=\"elementor-icon\"> \t\t\t\t<i aria-hidden=\"true\" class=\"fas fa-check-square\"><\/i>\t\t\t\t<\/span> \t\t\t<\/div> \t\t\t \t\t\t\t\t\t<div class=\"elementor-icon-box-content\">  \t\t\t\t\t\t\t\t\t<h3 class=\"elementor-icon-box-title\"> \t\t\t\t\t\t<span  > \t\t\t\t\t\t\tMiss\u00e3o\t\t\t\t\t\t<\/span> \t\t\t\t\t<\/h3> \t\t\t\t \t\t\t\t\t\t\t\t\t<p class=\"elementor-icon-box-description\"> \t\t\t\t\t\tFornecer servi\u00e7os jur\u00eddicos de excel\u00eancia, com agilidade e transpar\u00eancia, sempre focados nos objetivos do cliente. Impulsionamos a inova\u00e7\u00e3o digital para tornar o acesso ao direito mais simples e eficaz.\t\t\t\t\t<\/p> \t\t\t\t \t\t\t<\/div> \t\t\t \t\t<\/div> \t\t\t\t\t\t<\/div> \t\t\t\t<\/div> \t\t\t\t\t<\/div> \t\t<\/div> \t\t\t\t<div class=\"elementor-column elementor-col-33 elementor-inner-column elementor-element elementor-element-41f3b76\" data-id=\"41f3b76\" data-element_type=\"column\" data-e-type=\"column\" data-settings=\"{&quot;background_background&quot;:&quot;classic&quot;}\"> \t\t\t<div class=\"elementor-widget-wrap elementor-element-populated\"> \t\t\t\t\t\t<div class=\"elementor-element elementor-element-9e64e7c elementor-view-default elementor-position-block-start elementor-mobile-position-block-start elementor-widget elementor-widget-icon-box\" data-id=\"9e64e7c\" data-element_type=\"widget\" data-e-type=\"widget\" data-widget_type=\"icon-box.default\"> \t\t\t\t<div class=\"elementor-widget-container\"> \t\t\t\t\t\t\t<div class=\"elementor-icon-box-wrapper\">  \t\t\t\t\t\t<div class=\"elementor-icon-box-icon\"> \t\t\t\t<span  class=\"elementor-icon\"> \t\t\t\t<i aria-hidden=\"true\" class=\"fas fa-hand-holding-heart\"><\/i>\t\t\t\t<\/span> \t\t\t<\/div> \t\t\t \t\t\t\t\t\t<div class=\"elementor-icon-box-content\">  \t\t\t\t\t\t\t\t\t<h3 class=\"elementor-icon-box-title\"> \t\t\t\t\t\t<span  > \t\t\t\t\t\t\tVis\u00e3o\t\t\t\t\t\t<\/span> \t\t\t\t\t<\/h3> \t\t\t\t \t\t\t\t\t\t\t\t\t<p class=\"elementor-icon-box-description\"> \t\t\t\t\t\tLiderar a evolu\u00e7\u00e3o da advocacia, sendo refer\u00eancia na uni\u00e3o entre a solidez da tradi\u00e7\u00e3o jur\u00eddica e as possibilidades da era digital.\t\t\t\t\t<\/p> \t\t\t\t \t\t\t<\/div> \t\t\t \t\t<\/div> \t\t\t\t\t\t<\/div> \t\t\t\t<\/div> \t\t\t\t\t<\/div> \t\t<\/div> \t\t\t\t<div class=\"elementor-column elementor-col-33 elementor-inner-column elementor-element elementor-element-280f13c\" data-id=\"280f13c\" data-element_type=\"column\" data-e-type=\"column\" data-settings=\"{&quot;background_background&quot;:&quot;classic&quot;}\"> \t\t\t<div class=\"elementor-widget-wrap elementor-element-populated\"> \t\t\t\t\t\t<div class=\"elementor-element elementor-element-6f0e019 elementor-view-default elementor-position-block-start elementor-mobile-position-block-start elementor-widget elementor-widget-icon-box\" data-id=\"6f0e019\" data-element_type=\"widget\" data-e-type=\"widget\" data-widget_type=\"icon-box.default\"> \t\t\t\t<div class=\"elementor-widget-container\"> \t\t\t\t\t\t\t<div class=\"elementor-icon-box-wrapper\">  \t\t\t\t\t\t<div class=\"elementor-icon-box-icon\"> \t\t\t\t<span  class=\"elementor-icon\"> \t\t\t\t<i aria-hidden=\"true\" class=\"fas fa-user-check\"><\/i>\t\t\t\t<\/span> \t\t\t<\/div> \t\t\t \t\t\t\t\t\t<div class=\"elementor-icon-box-content\">  \t\t\t\t\t\t\t\t\t<h3 class=\"elementor-icon-box-title\"> \t\t\t\t\t\t<span  > \t\t\t\t\t\t\tValores\t\t\t\t\t\t<\/span> \t\t\t\t\t<\/h3> \t\t\t\t \t\t\t\t\t\t\t\t\t<p class=\"elementor-icon-box-description\"> \t\t\t\t\t\tNosso trabalho \u00e9 guiado por pilares fundamentais como: o Compromisso, a Excel\u00eancia, a Inova\u00e7\u00e3o e a Transpar\u00eancia, assegurando clareza e \u00e9tica em todas as nossas intera\u00e7\u00f5es. \t\t\t\t\t<\/p> \t\t\t\t \t\t\t<\/div> \t\t\t \t\t<\/div> \t\t\t\t\t\t<\/div> \t\t\t\t<\/div> \t\t\t\t\t<\/div> \t\t<\/div> \t\t\t\t\t<\/div> \t\t<\/section> \t\t\t\t\t<\/div> \t\t<\/div> \t\t\t\t\t<\/div> \t\t<\/section> \t\t\t\t<section class=\"elementor-section elementor-top-section elementor-element elementor-element-3074cfd elementor-section-height-min-height elementor-section-boxed elementor-section-height-default elementor-section-items-middle\" data-id=\"3074cfd\" data-element_type=\"section\" data-e-type=\"section\" data-settings=\"{&quot;background_background&quot;:&quot;classic&quot;}\"> \t\t\t\t\t\t\t<div class=\"elementor-background-overlay\"><\/div> \t\t\t\t\t\t\t<div class=\"elementor-container elementor-column-gap-default\"> \t\t\t\t\t<div class=\"elementor-column elementor-col-100 elementor-top-column elementor-element elementor-element-122e75f\" data-id=\"122e75f\" data-element_type=\"column\" data-e-type=\"column\"> \t\t\t<div class=\"elementor-widget-wrap elementor-element-populated\"> \t\t\t\t\t\t<section class=\"elementor-section elementor-inner-section elementor-element elementor-element-7751750 elementor-section-boxed elementor-section-height-default elementor-section-height-default\" data-id=\"7751750\" data-element_type=\"section\" data-e-type=\"section\"> \t\t\t\t\t\t<div class=\"elementor-container elementor-column-gap-default\"> \t\t\t\t\t<div class=\"elementor-column elementor-col-100 elementor-inner-column elementor-element elementor-element-2d750f5\" data-id=\"2d750f5\" data-element_type=\"column\" data-e-type=\"column\"> \t\t\t<div class=\"elementor-widget-wrap elementor-element-populated\"> \t\t\t\t\t\t<div class=\"elementor-element elementor-element-7079f90 elementor-widget elementor-widget-heading\" data-id=\"7079f90\" data-element_type=\"widget\" data-e-type=\"widget\" data-widget_type=\"heading.default\"> \t\t\t\t<div class=\"elementor-widget-container\"> \t\t\t\t\t<h2 class=\"elementor-heading-title elementor-size-default\">Nossa Trajet\u00f3ria | MCOTAQUES ADVOCACIA<\/h2>\t\t\t\t<\/div> \t\t\t\t<\/div> \t\t\t\t<div class=\"elementor-element elementor-element-d4c1a85 elementor-widget elementor-widget-text-editor\" data-id=\"d4c1a85\" data-element_type=\"widget\" data-e-type=\"widget\" data-widget_type=\"text-editor.default\"> \t\t\t\t<div class=\"elementor-widget-container\"> \t\t\t\t\t\t\t\t\t<p>A MCOTAQUES ADVOCACIA iniciou sua jornada como uma pr\u00e1tica especializada, evoluindo o atendimento com estrat\u00e9gias inovadoras e abordagem profundamente humana. Desde cedo, nosso diferencial foi a vis\u00e3o de futuro: abra\u00e7amos a tecnologia, oferecendo assist\u00eancia jur\u00eddica remota e eficiente muito antes de se tornar uma necessidade. Para n\u00f3s, a inova\u00e7\u00e3o n\u00e3o \u00e9 uma tend\u00eancia passageira, mas sim uma mentalidade cont\u00ednua.<\/p><p>Nosso compromisso \u00e9 impulsionar os seus objetivos com uma advocacia que une tradi\u00e7\u00e3o, inova\u00e7\u00e3o e resultados.<\/p>\t\t\t\t\t\t\t\t<\/div> \t\t\t\t<\/div> \t\t\t\t<div class=\"elementor-element elementor-element-0db6918 elementor-align-left elementor-widget elementor-widget-button\" data-id=\"0db6918\" data-element_type=\"widget\" data-e-type=\"widget\" data-widget_type=\"button.default\"> \t\t\t\t<div class=\"elementor-widget-container\"> \t\t\t\t\t\t\t\t\t<div class=\"elementor-button-wrapper\"> \t\t\t\t\t<a class=\"elementor-button elementor-button-link elementor-size-sm\" href=\"https:\/\/mcotaques.adv.br\/en\/consulta-online\/\"> \t\t\t\t\t\t<span class=\"elementor-button-content-wrapper\"> \t\t\t\t\t\t\t\t\t<span class=\"elementor-button-text\">Agende sua consulta<\/span> \t\t\t\t\t<\/span> \t\t\t\t\t<\/a> \t\t\t\t<\/div> \t\t\t\t\t\t\t\t<\/div> \t\t\t\t<\/div> \t\t\t\t\t<\/div> \t\t<\/div> \t\t\t\t\t<\/div> \t\t<\/section> \t\t\t\t\t<\/div> \t\t<\/div> \t\t\t\t\t<\/div> \t\t<\/section> \t\t\t\t<\/div>","protected":false},"excerpt":{"rendered":"<p>QUEM SOMOS A MCOTAQUES ADVOCACIA \u00e9 reconhecida pela sua vasta experi\u00eancia e s\u00f3lida reputa\u00e7\u00e3o, oferecendo solu\u00e7\u00f5es jur\u00eddicas inovadoras, acess\u00edveis e confi\u00e1veis, tanto para pessoas f\u00edsicas quanto jur\u00eddicas objetivando os melhores resultados. Miss\u00e3o, Vis\u00e3o e Valores Miss\u00e3o Fornecer servi\u00e7os jur\u00eddicos de excel\u00eancia, com agilidade e transpar\u00eancia, sempre focados nos objetivos do cliente. Impulsionamos a inova\u00e7\u00e3o digital [&hellip;]<\/p>\n","protected":false},"author":1,"featured_media":0,"parent":0,"menu_order":0,"comment_status":"closed","ping_status":"closed","template":"","meta":{"_joinchat":[],"footnotes":""},"class_list":["post-219","page","type-page","status-publish","hentry"],"aioseo_notices":[],"yoast_head":"<!-- This site is optimized with the Yoast SEO plugin v27.4 - https:\/\/yoast.com\/product\/yoast-seo-wordpress\/ -->\n<title>Quem Somos - MCOTAQUES ADVOCACIA<\/title>\n<meta name=\"robots\" content=\"index, follow, max-snippet:-1, max-image-preview:large, max-video-preview:-1\" \/>\n<link rel=\"canonical\" href=\"https:\/\/mcotaques.adv.br\/en\/quem-somos\/\" \/>\n<meta property=\"og:locale\" content=\"en_US\" \/>\n<meta property=\"og:type\" content=\"article\" \/>\n<meta property=\"og:title\" content=\"Quem Somos - MCOTAQUES ADVOCACIA\" \/>\n<meta property=\"og:description\" content=\"QUEM SOMOS A MCOTAQUES ADVOCACIA \u00e9 reconhecida pela sua vasta experi\u00eancia e s\u00f3lida reputa\u00e7\u00e3o, oferecendo solu\u00e7\u00f5es jur\u00eddicas inovadoras, acess\u00edveis e confi\u00e1veis, tanto para pessoas f\u00edsicas quanto jur\u00eddicas objetivando os melhores resultados. Miss\u00e3o, Vis\u00e3o e Valores Miss\u00e3o Fornecer servi\u00e7os jur\u00eddicos de excel\u00eancia, com agilidade e transpar\u00eancia, sempre focados nos objetivos do cliente. Impulsionamos a inova\u00e7\u00e3o digital [&hellip;]\" \/>\n<meta property=\"og:url\" content=\"https:\/\/mcotaques.adv.br\/en\/quem-somos\/\" \/>\n<meta property=\"og:site_name\" content=\"MCOTAQUES ADVOCACIA\" \/>\n<meta property=\"article:modified_time\" content=\"2026-01-12T16:24:09+00:00\" \/>\n<meta name=\"twitter:card\" content=\"summary_large_image\" \/>\n<meta name=\"twitter:label1\" content=\"Est. reading time\" \/>\n\t<meta name=\"twitter:data1\" content=\"1 minute\" \/>\n<script type=\"application\/ld+json\" class=\"yoast-schema-graph\">{\"@context\":\"https:\\\/\\\/schema.org\",\"@graph\":[{\"@type\":\"WebPage\",\"@id\":\"https:\\\/\\\/mcotaques.adv.br\\\/quem-somos\\\/\",\"url\":\"https:\\\/\\\/mcotaques.adv.br\\\/quem-somos\\\/\",\"name\":\"Quem Somos - MCOTAQUES ADVOCACIA\",\"isPartOf\":{\"@id\":\"https:\\\/\\\/mcotaques.adv.br\\\/#website\"},\"datePublished\":\"2025-05-20T18:06:12+00:00\",\"dateModified\":\"2026-01-12T16:24:09+00:00\",\"breadcrumb\":{\"@id\":\"https:\\\/\\\/mcotaques.adv.br\\\/quem-somos\\\/#breadcrumb\"},\"inLanguage\":\"en-US\",\"potentialAction\":[{\"@type\":\"ReadAction\",\"target\":[\"https:\\\/\\\/mcotaques.adv.br\\\/quem-somos\\\/\"]}]},{\"@type\":\"BreadcrumbList\",\"@id\":\"https:\\\/\\\/mcotaques.adv.br\\\/quem-somos\\\/#breadcrumb\",\"itemListElement\":[{\"@type\":\"ListItem\",\"position\":1,\"name\":\"In\u00edcio\",\"item\":\"https:\\\/\\\/mcotaques.adv.br\\\/\"},{\"@type\":\"ListItem\",\"position\":2,\"name\":\"Quem Somos\"}]},{\"@type\":\"WebSite\",\"@id\":\"https:\\\/\\\/mcotaques.adv.br\\\/#website\",\"url\":\"https:\\\/\\\/mcotaques.adv.br\\\/\",\"name\":\"MCOTAQUES ADVOCACIA\",\"description\":\"\",\"publisher\":{\"@id\":\"https:\\\/\\\/mcotaques.adv.br\\\/#organization\"},\"potentialAction\":[{\"@type\":\"SearchAction\",\"target\":{\"@type\":\"EntryPoint\",\"urlTemplate\":\"https:\\\/\\\/mcotaques.adv.br\\\/?s={search_term_string}\"},\"query-input\":{\"@type\":\"PropertyValueSpecification\",\"valueRequired\":true,\"valueName\":\"search_term_string\"}}],\"inLanguage\":\"en-US\"},{\"@type\":\"Organization\",\"@id\":\"https:\\\/\\\/mcotaques.adv.br\\\/#organization\",\"name\":\"MCOTAQUES ADVOCACIA\",\"url\":\"https:\\\/\\\/mcotaques.adv.br\\\/\",\"logo\":{\"@type\":\"ImageObject\",\"inLanguage\":\"en-US\",\"@id\":\"https:\\\/\\\/mcotaques.adv.br\\\/#\\\/schema\\\/logo\\\/image\\\/\",\"url\":\"https:\\\/\\\/mcotaques.adv.br\\\/wp-content\\\/uploads\\\/2023\\\/02\\\/39d3f439-ce8c-431a-9503-00956bd942af-e1747751645972.png\",\"contentUrl\":\"https:\\\/\\\/mcotaques.adv.br\\\/wp-content\\\/uploads\\\/2023\\\/02\\\/39d3f439-ce8c-431a-9503-00956bd942af-e1747751645972.png\",\"width\":300,\"height\":228,\"caption\":\"MCOTAQUES ADVOCACIA\"},\"image\":{\"@id\":\"https:\\\/\\\/mcotaques.adv.br\\\/#\\\/schema\\\/logo\\\/image\\\/\"}}]}<\/script>\n<!-- \/ Yoast SEO plugin. -->","yoast_head_json":{"title":"Quem Somos - MCOTAQUES ADVOCACIA","robots":{"index":"index","follow":"follow","max-snippet":"max-snippet:-1","max-image-preview":"max-image-preview:large","max-video-preview":"max-video-preview:-1"},"canonical":"https:\/\/mcotaques.adv.br\/en\/quem-somos\/","og_locale":"en_US","og_type":"article","og_title":"Quem Somos - MCOTAQUES ADVOCACIA","og_description":"QUEM SOMOS A MCOTAQUES ADVOCACIA \u00e9 reconhecida pela sua vasta experi\u00eancia e s\u00f3lida reputa\u00e7\u00e3o, oferecendo solu\u00e7\u00f5es jur\u00eddicas inovadoras, acess\u00edveis e confi\u00e1veis, tanto para pessoas f\u00edsicas quanto jur\u00eddicas objetivando os melhores resultados. Miss\u00e3o, Vis\u00e3o e Valores Miss\u00e3o Fornecer servi\u00e7os jur\u00eddicos de excel\u00eancia, com agilidade e transpar\u00eancia, sempre focados nos objetivos do cliente. Impulsionamos a inova\u00e7\u00e3o digital [&hellip;]","og_url":"https:\/\/mcotaques.adv.br\/en\/quem-somos\/","og_site_name":"MCOTAQUES ADVOCACIA","article_modified_time":"2026-01-12T16:24:09+00:00","twitter_card":"summary_large_image","twitter_misc":{"Est. reading time":"1 minute"},"schema":{"@context":"https:\/\/schema.org","@graph":[{"@type":"WebPage","@id":"https:\/\/mcotaques.adv.br\/quem-somos\/","url":"https:\/\/mcotaques.adv.br\/quem-somos\/","name":"Quem Somos - MCOTAQUES ADVOCACIA","isPartOf":{"@id":"https:\/\/mcotaques.adv.br\/#website"},"datePublished":"2025-05-20T18:06:12+00:00","dateModified":"2026-01-12T16:24:09+00:00","breadcrumb":{"@id":"https:\/\/mcotaques.adv.br\/quem-somos\/#breadcrumb"},"inLanguage":"en-US","potentialAction":[{"@type":"ReadAction","target":["https:\/\/mcotaques.adv.br\/quem-somos\/"]}]},{"@type":"BreadcrumbList","@id":"https:\/\/mcotaques.adv.br\/quem-somos\/#breadcrumb","itemListElement":[{"@type":"ListItem","position":1,"name":"In\u00edcio","item":"https:\/\/mcotaques.adv.br\/"},{"@type":"ListItem","position":2,"name":"Quem Somos"}]},{"@type":"WebSite","@id":"https:\/\/mcotaques.adv.br\/#website","url":"https:\/\/mcotaques.adv.br\/","name":"MCOTAQUES ADVOCACIA","description":"","publisher":{"@id":"https:\/\/mcotaques.adv.br\/#organization"},"potentialAction":[{"@type":"SearchAction","target":{"@type":"EntryPoint","urlTemplate":"https:\/\/mcotaques.adv.br\/?s={search_term_string}"},"query-input":{"@type":"PropertyValueSpecification","valueRequired":true,"valueName":"search_term_string"}}],"inLanguage":"en-US"},{"@type":"Organization","@id":"https:\/\/mcotaques.adv.br\/#organization","name":"MCOTAQUES ADVOCACIA","url":"https:\/\/mcotaques.adv.br\/","logo":{"@type":"ImageObject","inLanguage":"en-US","@id":"https:\/\/mcotaques.adv.br\/#\/schema\/logo\/image\/","url":"https:\/\/mcotaques.adv.br\/wp-content\/uploads\/2023\/02\/39d3f439-ce8c-431a-9503-00956bd942af-e1747751645972.png","contentUrl":"https:\/\/mcotaques.adv.br\/wp-content\/uploads\/2023\/02\/39d3f439-ce8c-431a-9503-00956bd942af-e1747751645972.png","width":300,"height":228,"caption":"MCOTAQUES ADVOCACIA"},"image":{"@id":"https:\/\/mcotaques.adv.br\/#\/schema\/logo\/image\/"}}]}},"_links":{"self":[{"href":"https:\/\/mcotaques.adv.br\/en\/wp-json\/wp\/v2\/pages\/219","targetHints":{"allow":["GET"]}}],"collection":[{"href":"https:\/\/mcotaques.adv.br\/en\/wp-json\/wp\/v2\/pages"}],"about":[{"href":"https:\/\/mcotaques.adv.br\/en\/wp-json\/wp\/v2\/types\/page"}],"author":[{"embeddable":true,"href":"https:\/\/mcotaques.adv.br\/en\/wp-json\/wp\/v2\/users\/1"}],"replies":[{"embeddable":true,"href":"https:\/\/mcotaques.adv.br\/en\/wp-json\/wp\/v2\/comments?post=219"}],"version-history":[{"count":67,"href":"https:\/\/mcotaques.adv.br\/en\/wp-json\/wp\/v2\/pages\/219\/revisions"}],"predecessor-version":[{"id":836,"href":"https:\/\/mcotaques.adv.br\/en\/wp-json\/wp\/v2\/pages\/219\/revisions\/836"}],"wp:attachment":[{"href":"https:\/\/mcotaques.adv.br\/en\/wp-json\/wp\/v2\/media?parent=219"}],"curies":[{"name":"wp","href":"https:\/\/api.w.org\/{rel}","templated":true}]}}