{"id":370,"date":"2025-05-21T19:38:24","date_gmt":"2025-05-21T19:38:24","guid":{"rendered":"https:\/\/mcotaques.adv.br\/?page_id=370"},"modified":"2025-05-30T17:28:04","modified_gmt":"2025-05-30T17:28:04","slug":"contato","status":"publish","type":"page","link":"https:\/\/mcotaques.adv.br\/en\/contato\/","title":{"rendered":"Contato"},"content":{"rendered":"<div data-elementor-type=\"wp-page\" data-elementor-id=\"370\" class=\"elementor elementor-370\" data-elementor-post-type=\"page\"> \t\t\t\t\t\t<section class=\"elementor-section elementor-top-section elementor-element elementor-element-006ab17 elementor-section-height-min-height elementor-section-items-bottom elementor-section-boxed elementor-section-height-default\" data-id=\"006ab17\" data-element_type=\"section\" data-e-type=\"section\" data-settings=\"{&quot;background_background&quot;:&quot;classic&quot;}\"> \t\t\t\t\t\t\t<div class=\"elementor-background-overlay\"><\/div> \t\t\t\t\t\t\t<div class=\"elementor-container elementor-column-gap-default\"> \t\t\t\t\t<div class=\"elementor-column elementor-col-100 elementor-top-column elementor-element elementor-element-50a7530\" data-id=\"50a7530\" data-element_type=\"column\" data-e-type=\"column\"> \t\t\t<div class=\"elementor-widget-wrap elementor-element-populated\"> \t\t\t\t\t\t<div class=\"elementor-element elementor-element-27d6c61 elementor-widget elementor-widget-heading\" data-id=\"27d6c61\" data-element_type=\"widget\" data-e-type=\"widget\" data-widget_type=\"heading.default\"> \t\t\t\t<div class=\"elementor-widget-container\"> \t\t\t\t\t<h2 class=\"elementor-heading-title elementor-size-default\">Contato <\/h2>\t\t\t\t<\/div> \t\t\t\t<\/div> \t\t\t\t<div class=\"elementor-element elementor-element-2a036ba elementor-widget elementor-widget-text-editor\" data-id=\"2a036ba\" data-element_type=\"widget\" data-e-type=\"widget\" data-widget_type=\"text-editor.default\"> \t\t\t\t<div class=\"elementor-widget-container\"> \t\t\t\t\t\t\t\t\t<p>Tem d\u00favidas, precisa de orienta\u00e7\u00e3o jur\u00eddica ou quer agendar uma consulta com um de nossos advogados?<br data-start=\"239\" data-end=\"242\" \/>Estamos \u00e0 disposi\u00e7\u00e3o para te atender com agilidade, sigilo e total comprometimento.<\/p>\t\t\t\t\t\t\t\t<\/div> \t\t\t\t<\/div> \t\t\t\t\t<\/div> \t\t<\/div> \t\t\t\t\t<\/div> \t\t<\/section> \t\t\t\t<section class=\"elementor-section elementor-top-section elementor-element elementor-element-3074cfd elementor-section-height-min-height elementor-section-boxed elementor-section-height-default elementor-section-items-middle\" data-id=\"3074cfd\" data-element_type=\"section\" data-e-type=\"section\"> \t\t\t\t\t\t<div class=\"elementor-container elementor-column-gap-default\"> \t\t\t\t\t<div class=\"elementor-column elementor-col-100 elementor-top-column elementor-element elementor-element-122e75f\" data-id=\"122e75f\" data-element_type=\"column\" data-e-type=\"column\"> \t\t\t<div class=\"elementor-widget-wrap elementor-element-populated\"> \t\t\t\t\t\t<section class=\"elementor-section elementor-inner-section elementor-element elementor-element-7751750 elementor-section-boxed elementor-section-height-default elementor-section-height-default\" data-id=\"7751750\" data-element_type=\"section\" data-e-type=\"section\"> \t\t\t\t\t\t<div class=\"elementor-container elementor-column-gap-default\"> \t\t\t\t\t<div class=\"elementor-column elementor-col-50 elementor-inner-column elementor-element elementor-element-2d750f5\" data-id=\"2d750f5\" data-element_type=\"column\" data-e-type=\"column\"> \t\t\t<div class=\"elementor-widget-wrap elementor-element-populated\"> \t\t\t\t\t\t<div class=\"elementor-element elementor-element-7079f90 elementor-widget elementor-widget-heading\" data-id=\"7079f90\" data-element_type=\"widget\" data-e-type=\"widget\" data-widget_type=\"heading.default\"> \t\t\t\t<div class=\"elementor-widget-container\"> \t\t\t\t\t<h2 class=\"elementor-heading-title elementor-size-default\">Contato <\/h2>\t\t\t\t<\/div> \t\t\t\t<\/div> \t\t\t\t<div class=\"elementor-element elementor-element-bfa0d96 elementor-widget elementor-widget-text-editor\" data-id=\"bfa0d96\" data-element_type=\"widget\" data-e-type=\"widget\" data-widget_type=\"text-editor.default\"> \t\t\t\t<div class=\"elementor-widget-container\"> \t\t\t\t\t\t\t\t\t<p>Preencha o formul\u00e1rio ao lado e retornaremos seu contato em breve. Se tiver qualquer d\u00favida, n\u00e3o hesite em nos chamar!<\/p>\t\t\t\t\t\t\t\t<\/div> \t\t\t\t<\/div> \t\t\t\t<div class=\"elementor-element elementor-element-5121a48 elementor-position-inline-start elementor-view-default elementor-mobile-position-block-start elementor-widget elementor-widget-icon-box\" data-id=\"5121a48\" data-element_type=\"widget\" data-e-type=\"widget\" data-widget_type=\"icon-box.default\"> \t\t\t\t<div class=\"elementor-widget-container\"> \t\t\t\t\t\t\t<div class=\"elementor-icon-box-wrapper\">  \t\t\t\t\t\t<div class=\"elementor-icon-box-icon\"> \t\t\t\t<span  class=\"elementor-icon\"> \t\t\t\t<i aria-hidden=\"true\" class=\"far fa-envelope\"><\/i>\t\t\t\t<\/span> \t\t\t<\/div> \t\t\t \t\t\t\t\t\t<div class=\"elementor-icon-box-content\">  \t\t\t\t\t\t\t\t\t<h3 class=\"elementor-icon-box-title\"> \t\t\t\t\t\t<span  > \t\t\t\t\t\t\tEmail\t\t\t\t\t\t<\/span> \t\t\t\t\t<\/h3> \t\t\t\t \t\t\t\t\t\t\t\t\t<p class=\"elementor-icon-box-description\"> \t\t\t\t\t\tmcotaques@gmail.com<br><br>Responderemos em at\u00e9 48 horas em dias \u00fateis \t\t\t\t\t<\/p> \t\t\t\t \t\t\t<\/div> \t\t\t \t\t<\/div> \t\t\t\t\t\t<\/div> \t\t\t\t<\/div> \t\t\t\t\t<\/div> \t\t<\/div> \t\t\t\t<div class=\"elementor-column elementor-col-50 elementor-inner-column elementor-element elementor-element-947d019\" data-id=\"947d019\" data-element_type=\"column\" data-e-type=\"column\" data-settings=\"{&quot;background_background&quot;:&quot;classic&quot;}\"> \t\t\t<div class=\"elementor-widget-wrap elementor-element-populated\"> \t\t\t\t\t\t<div class=\"elementor-element elementor-element-1610e63 elementor-button-align-stretch elementor-widget elementor-widget-form\" data-id=\"1610e63\" data-element_type=\"widget\" data-e-type=\"widget\" data-settings=\"{&quot;step_next_label&quot;:&quot;Next&quot;,&quot;step_previous_label&quot;:&quot;Previous&quot;,&quot;button_width&quot;:&quot;100&quot;,&quot;step_type&quot;:&quot;number_text&quot;,&quot;step_icon_shape&quot;:&quot;circle&quot;}\" data-widget_type=\"form.default\"> \t\t\t\t<div class=\"elementor-widget-container\"> \t\t\t\t\t\t\t<form class=\"elementor-form\" method=\"post\" name=\"New Form\"> \t\t\t<input type=\"hidden\" name=\"post_id\" value=\"370\"\/> \t\t\t<input type=\"hidden\" name=\"form_id\" value=\"1610e63\"\/> \t\t\t<input type=\"hidden\" name=\"referer_title\" value=\"Contato - MCOTAQUES ADVOCACIA\" \/>  \t\t\t\t\t\t\t<input type=\"hidden\" name=\"queried_id\" value=\"370\"\/> \t\t\t \t\t\t<div class=\"elementor-form-fields-wrapper elementor-labels-above\"> \t\t\t\t\t\t\t\t<div class=\"elementor-field-type-text elementor-field-group elementor-column elementor-field-group-name elementor-col-100\"> \t\t\t\t\t\t\t\t\t\t\t\t<label for=\"form-field-name\" class=\"elementor-field-label\"> \t\t\t\t\t\t\t\tNome Completo\t\t\t\t\t\t\t<\/label> \t\t\t\t\t\t\t\t\t\t\t\t\t\t<input size=\"1\" type=\"text\" name=\"form_fields[name]\" id=\"form-field-name\" class=\"elementor-field elementor-size-sm  elementor-field-textual\"> \t\t\t\t\t\t\t\t\t\t\t<\/div> \t\t\t\t\t\t\t\t<div class=\"elementor-field-type-email elementor-field-group elementor-column elementor-field-group-email elementor-col-100 elementor-field-required\"> \t\t\t\t\t\t\t\t\t\t\t\t<label for=\"form-field-email\" class=\"elementor-field-label\"> \t\t\t\t\t\t\t\tEmail\t\t\t\t\t\t\t<\/label> \t\t\t\t\t\t\t\t\t\t\t\t\t\t<input size=\"1\" type=\"email\" name=\"form_fields[email]\" id=\"form-field-email\" class=\"elementor-field elementor-size-sm  elementor-field-textual\" required=\"required\"> \t\t\t\t\t\t\t\t\t\t\t<\/div> \t\t\t\t\t\t\t\t<div class=\"elementor-field-type-tel elementor-field-group elementor-column elementor-field-group-field_0621173 elementor-col-100 elementor-field-required\"> \t\t\t\t\t\t\t\t\t\t\t\t<label for=\"form-field-field_0621173\" class=\"elementor-field-label\"> \t\t\t\t\t\t\t\tWhatsApp:\t\t\t\t\t\t\t<\/label> \t\t\t\t\t\t\t\t<input size=\"1\" type=\"tel\" name=\"form_fields[field_0621173]\" id=\"form-field-field_0621173\" class=\"elementor-field elementor-size-sm  elementor-field-textual\" required=\"required\" pattern=\"[0-9()#&amp;+*-=.]+\" title=\"Only numbers and phone characters (#, -, *, etc) are accepted.\">  \t\t\t\t\t\t<\/div> \t\t\t\t\t\t\t\t<div class=\"elementor-field-type-textarea elementor-field-group elementor-column elementor-field-group-message elementor-col-100\"> \t\t\t\t\t\t\t\t\t\t\t\t<label for=\"form-field-message\" class=\"elementor-field-label\"> \t\t\t\t\t\t\t\tMensagem\t\t\t\t\t\t\t<\/label> \t\t\t\t\t\t<textarea class=\"elementor-field-textual elementor-field  elementor-size-sm\" name=\"form_fields[message]\" id=\"form-field-message\" rows=\"4\"><\/textarea>\t\t\t\t<\/div> \t\t\t\t\t\t\t\t<div class=\"elementor-field-group elementor-column elementor-field-type-submit elementor-col-100 e-form__buttons\"> \t\t\t\t\t<button class=\"elementor-button elementor-size-sm\" type=\"submit\"> \t\t\t\t\t\t<span class=\"elementor-button-content-wrapper\"> \t\t\t\t\t\t\t\t\t\t\t\t\t\t\t<span class=\"elementor-button-icon\"> \t\t\t\t\t\t\t\t\t<i aria-hidden=\"true\" class=\"far fa-envelope\"><\/i>\t\t\t\t\t\t\t\t\t\t\t\t\t\t\t\t\t<\/span> \t\t\t\t\t\t\t\t\t\t\t\t\t\t\t\t\t\t\t\t\t\t<span class=\"elementor-button-text\">ENVIAR MENSAGEM<\/span> \t\t\t\t\t\t\t\t\t\t\t\t\t<\/span> \t\t\t\t\t<\/button> \t\t\t\t<\/div> \t\t\t<\/div> \t\t<\/form> \t\t\t\t\t\t<\/div> \t\t\t\t<\/div> \t\t\t\t\t<\/div> \t\t<\/div> \t\t\t\t\t<\/div> \t\t<\/section> \t\t\t\t\t<\/div> \t\t<\/div> \t\t\t\t\t<\/div> \t\t<\/section> \t\t\t\t<\/div>","protected":false},"excerpt":{"rendered":"<p>Contato Tem d\u00favidas, precisa de orienta\u00e7\u00e3o jur\u00eddica ou quer agendar uma consulta com um de nossos advogados?Estamos \u00e0 disposi\u00e7\u00e3o para te atender com agilidade, sigilo e total comprometimento. Contato Preencha o formul\u00e1rio ao lado e retornaremos seu contato em breve. Se tiver qualquer d\u00favida, n\u00e3o hesite em nos chamar! Email mcotaques@gmail.com Responderemos em at\u00e9 48 [&hellip;]<\/p>\n","protected":false},"author":1,"featured_media":0,"parent":0,"menu_order":0,"comment_status":"closed","ping_status":"closed","template":"","meta":{"_joinchat":[],"footnotes":""},"class_list":["post-370","page","type-page","status-publish","hentry"],"aioseo_notices":[],"yoast_head":"<!-- This site is optimized with the Yoast SEO plugin v27.4 - https:\/\/yoast.com\/product\/yoast-seo-wordpress\/ -->\n<title>Contato - MCOTAQUES ADVOCACIA<\/title>\n<meta name=\"robots\" content=\"index, follow, max-snippet:-1, max-image-preview:large, max-video-preview:-1\" \/>\n<link rel=\"canonical\" href=\"https:\/\/mcotaques.adv.br\/en\/contato\/\" \/>\n<meta property=\"og:locale\" content=\"en_US\" \/>\n<meta property=\"og:type\" content=\"article\" \/>\n<meta property=\"og:title\" content=\"Contato - MCOTAQUES ADVOCACIA\" \/>\n<meta property=\"og:description\" content=\"Contato Tem d\u00favidas, precisa de orienta\u00e7\u00e3o jur\u00eddica ou quer agendar uma consulta com um de nossos advogados?Estamos \u00e0 disposi\u00e7\u00e3o para te atender com agilidade, sigilo e total comprometimento. Contato Preencha o formul\u00e1rio ao lado e retornaremos seu contato em breve. Se tiver qualquer d\u00favida, n\u00e3o hesite em nos chamar! Email mcotaques@gmail.com Responderemos em at\u00e9 48 [&hellip;]\" \/>\n<meta property=\"og:url\" content=\"https:\/\/mcotaques.adv.br\/en\/contato\/\" \/>\n<meta property=\"og:site_name\" content=\"MCOTAQUES ADVOCACIA\" \/>\n<meta property=\"article:modified_time\" content=\"2025-05-30T17:28:04+00:00\" \/>\n<meta name=\"twitter:card\" content=\"summary_large_image\" \/>\n<script type=\"application\/ld+json\" class=\"yoast-schema-graph\">{\"@context\":\"https:\\\/\\\/schema.org\",\"@graph\":[{\"@type\":\"WebPage\",\"@id\":\"https:\\\/\\\/mcotaques.adv.br\\\/contato\\\/\",\"url\":\"https:\\\/\\\/mcotaques.adv.br\\\/contato\\\/\",\"name\":\"Contato - MCOTAQUES ADVOCACIA\",\"isPartOf\":{\"@id\":\"https:\\\/\\\/mcotaques.adv.br\\\/#website\"},\"datePublished\":\"2025-05-21T19:38:24+00:00\",\"dateModified\":\"2025-05-30T17:28:04+00:00\",\"breadcrumb\":{\"@id\":\"https:\\\/\\\/mcotaques.adv.br\\\/contato\\\/#breadcrumb\"},\"inLanguage\":\"en-US\",\"potentialAction\":[{\"@type\":\"ReadAction\",\"target\":[\"https:\\\/\\\/mcotaques.adv.br\\\/contato\\\/\"]}]},{\"@type\":\"BreadcrumbList\",\"@id\":\"https:\\\/\\\/mcotaques.adv.br\\\/contato\\\/#breadcrumb\",\"itemListElement\":[{\"@type\":\"ListItem\",\"position\":1,\"name\":\"In\u00edcio\",\"item\":\"https:\\\/\\\/mcotaques.adv.br\\\/\"},{\"@type\":\"ListItem\",\"position\":2,\"name\":\"Contato\"}]},{\"@type\":\"WebSite\",\"@id\":\"https:\\\/\\\/mcotaques.adv.br\\\/#website\",\"url\":\"https:\\\/\\\/mcotaques.adv.br\\\/\",\"name\":\"MCOTAQUES ADVOCACIA\",\"description\":\"\",\"publisher\":{\"@id\":\"https:\\\/\\\/mcotaques.adv.br\\\/#organization\"},\"potentialAction\":[{\"@type\":\"SearchAction\",\"target\":{\"@type\":\"EntryPoint\",\"urlTemplate\":\"https:\\\/\\\/mcotaques.adv.br\\\/?s={search_term_string}\"},\"query-input\":{\"@type\":\"PropertyValueSpecification\",\"valueRequired\":true,\"valueName\":\"search_term_string\"}}],\"inLanguage\":\"en-US\"},{\"@type\":\"Organization\",\"@id\":\"https:\\\/\\\/mcotaques.adv.br\\\/#organization\",\"name\":\"MCOTAQUES ADVOCACIA\",\"url\":\"https:\\\/\\\/mcotaques.adv.br\\\/\",\"logo\":{\"@type\":\"ImageObject\",\"inLanguage\":\"en-US\",\"@id\":\"https:\\\/\\\/mcotaques.adv.br\\\/#\\\/schema\\\/logo\\\/image\\\/\",\"url\":\"https:\\\/\\\/mcotaques.adv.br\\\/wp-content\\\/uploads\\\/2023\\\/02\\\/39d3f439-ce8c-431a-9503-00956bd942af-e1747751645972.png\",\"contentUrl\":\"https:\\\/\\\/mcotaques.adv.br\\\/wp-content\\\/uploads\\\/2023\\\/02\\\/39d3f439-ce8c-431a-9503-00956bd942af-e1747751645972.png\",\"width\":300,\"height\":228,\"caption\":\"MCOTAQUES ADVOCACIA\"},\"image\":{\"@id\":\"https:\\\/\\\/mcotaques.adv.br\\\/#\\\/schema\\\/logo\\\/image\\\/\"}}]}<\/script>\n<!-- \/ Yoast SEO plugin. -->","yoast_head_json":{"title":"Contato - MCOTAQUES ADVOCACIA","robots":{"index":"index","follow":"follow","max-snippet":"max-snippet:-1","max-image-preview":"max-image-preview:large","max-video-preview":"max-video-preview:-1"},"canonical":"https:\/\/mcotaques.adv.br\/en\/contato\/","og_locale":"en_US","og_type":"article","og_title":"Contato - MCOTAQUES ADVOCACIA","og_description":"Contato Tem d\u00favidas, precisa de orienta\u00e7\u00e3o jur\u00eddica ou quer agendar uma consulta com um de nossos advogados?Estamos \u00e0 disposi\u00e7\u00e3o para te atender com agilidade, sigilo e total comprometimento. Contato Preencha o formul\u00e1rio ao lado e retornaremos seu contato em breve. Se tiver qualquer d\u00favida, n\u00e3o hesite em nos chamar! Email mcotaques@gmail.com Responderemos em at\u00e9 48 [&hellip;]","og_url":"https:\/\/mcotaques.adv.br\/en\/contato\/","og_site_name":"MCOTAQUES ADVOCACIA","article_modified_time":"2025-05-30T17:28:04+00:00","twitter_card":"summary_large_image","schema":{"@context":"https:\/\/schema.org","@graph":[{"@type":"WebPage","@id":"https:\/\/mcotaques.adv.br\/contato\/","url":"https:\/\/mcotaques.adv.br\/contato\/","name":"Contato - MCOTAQUES ADVOCACIA","isPartOf":{"@id":"https:\/\/mcotaques.adv.br\/#website"},"datePublished":"2025-05-21T19:38:24+00:00","dateModified":"2025-05-30T17:28:04+00:00","breadcrumb":{"@id":"https:\/\/mcotaques.adv.br\/contato\/#breadcrumb"},"inLanguage":"en-US","potentialAction":[{"@type":"ReadAction","target":["https:\/\/mcotaques.adv.br\/contato\/"]}]},{"@type":"BreadcrumbList","@id":"https:\/\/mcotaques.adv.br\/contato\/#breadcrumb","itemListElement":[{"@type":"ListItem","position":1,"name":"In\u00edcio","item":"https:\/\/mcotaques.adv.br\/"},{"@type":"ListItem","position":2,"name":"Contato"}]},{"@type":"WebSite","@id":"https:\/\/mcotaques.adv.br\/#website","url":"https:\/\/mcotaques.adv.br\/","name":"MCOTAQUES ADVOCACIA","description":"","publisher":{"@id":"https:\/\/mcotaques.adv.br\/#organization"},"potentialAction":[{"@type":"SearchAction","target":{"@type":"EntryPoint","urlTemplate":"https:\/\/mcotaques.adv.br\/?s={search_term_string}"},"query-input":{"@type":"PropertyValueSpecification","valueRequired":true,"valueName":"search_term_string"}}],"inLanguage":"en-US"},{"@type":"Organization","@id":"https:\/\/mcotaques.adv.br\/#organization","name":"MCOTAQUES ADVOCACIA","url":"https:\/\/mcotaques.adv.br\/","logo":{"@type":"ImageObject","inLanguage":"en-US","@id":"https:\/\/mcotaques.adv.br\/#\/schema\/logo\/image\/","url":"https:\/\/mcotaques.adv.br\/wp-content\/uploads\/2023\/02\/39d3f439-ce8c-431a-9503-00956bd942af-e1747751645972.png","contentUrl":"https:\/\/mcotaques.adv.br\/wp-content\/uploads\/2023\/02\/39d3f439-ce8c-431a-9503-00956bd942af-e1747751645972.png","width":300,"height":228,"caption":"MCOTAQUES ADVOCACIA"},"image":{"@id":"https:\/\/mcotaques.adv.br\/#\/schema\/logo\/image\/"}}]}},"_links":{"self":[{"href":"https:\/\/mcotaques.adv.br\/en\/wp-json\/wp\/v2\/pages\/370","targetHints":{"allow":["GET"]}}],"collection":[{"href":"https:\/\/mcotaques.adv.br\/en\/wp-json\/wp\/v2\/pages"}],"about":[{"href":"https:\/\/mcotaques.adv.br\/en\/wp-json\/wp\/v2\/types\/page"}],"author":[{"embeddable":true,"href":"https:\/\/mcotaques.adv.br\/en\/wp-json\/wp\/v2\/users\/1"}],"replies":[{"embeddable":true,"href":"https:\/\/mcotaques.adv.br\/en\/wp-json\/wp\/v2\/comments?post=370"}],"version-history":[{"count":46,"href":"https:\/\/mcotaques.adv.br\/en\/wp-json\/wp\/v2\/pages\/370\/revisions"}],"predecessor-version":[{"id":550,"href":"https:\/\/mcotaques.adv.br\/en\/wp-json\/wp\/v2\/pages\/370\/revisions\/550"}],"wp:attachment":[{"href":"https:\/\/mcotaques.adv.br\/en\/wp-json\/wp\/v2\/media?parent=370"}],"curies":[{"name":"wp","href":"https:\/\/api.w.org\/{rel}","templated":true}]}}