{"id":422,"date":"2025-05-30T16:23:37","date_gmt":"2025-05-30T16:23:37","guid":{"rendered":"https:\/\/mcotaques.adv.br\/?page_id=422"},"modified":"2026-01-12T16:23:08","modified_gmt":"2026-01-12T16:23:08","slug":"direito-imobiliario","status":"publish","type":"page","link":"https:\/\/mcotaques.adv.br\/en\/direito-imobiliario\/","title":{"rendered":"Direito Imobili\u00e1rio"},"content":{"rendered":"<div data-elementor-type=\"wp-page\" data-elementor-id=\"422\" class=\"elementor elementor-422\" data-elementor-post-type=\"page\"> \t\t\t\t\t\t<section class=\"elementor-section elementor-top-section elementor-element elementor-element-006ab17 elementor-section-height-min-height elementor-section-items-bottom elementor-section-boxed elementor-section-height-default\" data-id=\"006ab17\" data-element_type=\"section\" data-e-type=\"section\" data-settings=\"{&quot;background_background&quot;:&quot;classic&quot;}\"> \t\t\t\t\t\t\t<div class=\"elementor-background-overlay\"><\/div> \t\t\t\t\t\t\t<div class=\"elementor-container elementor-column-gap-default\"> \t\t\t\t\t<div class=\"elementor-column elementor-col-100 elementor-top-column elementor-element elementor-element-50a7530\" data-id=\"50a7530\" data-element_type=\"column\" data-e-type=\"column\"> \t\t\t<div class=\"elementor-widget-wrap elementor-element-populated\"> \t\t\t\t\t\t<div class=\"elementor-element elementor-element-27d6c61 elementor-widget elementor-widget-heading\" data-id=\"27d6c61\" data-element_type=\"widget\" data-e-type=\"widget\" data-widget_type=\"heading.default\"> \t\t\t\t<div class=\"elementor-widget-container\"> \t\t\t\t\t<h2 class=\"elementor-heading-title elementor-size-default\">Direito Imobili\u00e1rio <\/h2>\t\t\t\t<\/div> \t\t\t\t<\/div> \t\t\t\t\t<\/div> \t\t<\/div> \t\t\t\t\t<\/div> \t\t<\/section> \t\t\t\t<section class=\"elementor-section elementor-top-section elementor-element elementor-element-a18dccc elementor-section-height-min-height elementor-section-boxed elementor-section-height-default elementor-section-items-middle\" data-id=\"a18dccc\" data-element_type=\"section\" data-e-type=\"section\"> \t\t\t\t\t\t<div class=\"elementor-container elementor-column-gap-default\"> \t\t\t\t\t<div class=\"elementor-column elementor-col-100 elementor-top-column elementor-element elementor-element-7ee3f46\" data-id=\"7ee3f46\" data-element_type=\"column\" data-e-type=\"column\"> \t\t\t<div class=\"elementor-widget-wrap elementor-element-populated\"> \t\t\t\t\t\t<div class=\"elementor-element elementor-element-424b10c elementor-widget elementor-widget-text-editor\" data-id=\"424b10c\" data-element_type=\"widget\" data-e-type=\"widget\" data-widget_type=\"text-editor.default\"> \t\t\t\t<div class=\"elementor-widget-container\"> \t\t\t\t\t\t\t\t\t<p data-start=\"220\" data-end=\"576\">No din\u00e2mico e crucial universo do Direito Imobili\u00e1rio, lidamos com o patrim\u00f4nio mais valioso de indiv\u00edduos e empresas. A MCOTAQUES ADVOCACIA oferece uma atua\u00e7\u00e3o estrat\u00e9gica e personalizada, assegurando a blindagem jur\u00eddica em todas as etapas que envolvem bens im\u00f3veis: desde a negocia\u00e7\u00e3o e contrata\u00e7\u00e3o at\u00e9 a resolu\u00e7\u00e3o de lit\u00edgios e regulariza\u00e7\u00f5es complexas.<\/p><p data-start=\"220\" data-end=\"576\">Nossa assessoria abrange um espectro completo de clientes \u2013 sejam pessoas f\u00edsicas, investidores, construtoras ou empresas \u2013 provendo suporte integral em:<\/p>\t\t\t\t\t\t\t\t<\/div> \t\t\t\t<\/div> \t\t\t\t\t<\/div> \t\t<\/div> \t\t\t\t\t<\/div> \t\t<\/section> \t\t\t\t<section class=\"elementor-section elementor-top-section elementor-element elementor-element-8968ac2 elementor-section-height-min-height elementor-section-boxed elementor-section-height-default elementor-section-items-middle\" data-id=\"8968ac2\" data-element_type=\"section\" data-e-type=\"section\" data-settings=\"{&quot;background_background&quot;:&quot;classic&quot;}\"> \t\t\t\t\t\t\t<div class=\"elementor-background-overlay\"><\/div> \t\t\t\t\t\t\t<div class=\"elementor-container elementor-column-gap-default\"> \t\t\t\t\t<div class=\"elementor-column elementor-col-100 elementor-top-column elementor-element elementor-element-19ea568\" data-id=\"19ea568\" data-element_type=\"column\" data-e-type=\"column\"> \t\t\t<div class=\"elementor-widget-wrap elementor-element-populated\"> \t\t\t\t\t\t<div class=\"elementor-element elementor-element-510d65e elementor-widget elementor-widget-heading\" data-id=\"510d65e\" data-element_type=\"widget\" data-e-type=\"widget\" data-widget_type=\"heading.default\"> \t\t\t\t<div class=\"elementor-widget-container\"> \t\t\t\t\t<h2 class=\"elementor-heading-title elementor-size-default\">Quer uma abordagem profissional e din\u00e2mica, com qualidade e \u00e9tica? Venha conversar com um de nossos advogados. <\/h2>\t\t\t\t<\/div> \t\t\t\t<\/div> \t\t\t\t<div class=\"elementor-element elementor-element-dff6346 elementor-align-center elementor-widget elementor-widget-button\" data-id=\"dff6346\" data-element_type=\"widget\" data-e-type=\"widget\" data-widget_type=\"button.default\"> \t\t\t\t<div class=\"elementor-widget-container\"> \t\t\t\t\t\t\t\t\t<div class=\"elementor-button-wrapper\"> \t\t\t\t\t<a class=\"elementor-button elementor-button-link elementor-size-sm\" href=\"https:\/\/mcotaques.adv.br\/en\/consulta-online\/\"> \t\t\t\t\t\t<span class=\"elementor-button-content-wrapper\"> \t\t\t\t\t\t\t\t\t<span class=\"elementor-button-text\">Agende sua consulta<\/span> \t\t\t\t\t<\/span> \t\t\t\t\t<\/a> \t\t\t\t<\/div> \t\t\t\t\t\t\t\t<\/div> \t\t\t\t<\/div> \t\t\t\t\t<\/div> \t\t<\/div> \t\t\t\t\t<\/div> \t\t<\/section> \t\t\t\t<\/div>","protected":false},"excerpt":{"rendered":"<p>Direito Imobili\u00e1rio No din\u00e2mico e crucial universo do Direito Imobili\u00e1rio, lidamos com o patrim\u00f4nio mais valioso de indiv\u00edduos e empresas. A MCOTAQUES ADVOCACIA oferece uma atua\u00e7\u00e3o estrat\u00e9gica e personalizada, assegurando a blindagem jur\u00eddica em todas as etapas que envolvem bens im\u00f3veis: desde a negocia\u00e7\u00e3o e contrata\u00e7\u00e3o at\u00e9 a resolu\u00e7\u00e3o de lit\u00edgios e regulariza\u00e7\u00f5es complexas. Nossa [&hellip;]<\/p>\n","protected":false},"author":1,"featured_media":0,"parent":0,"menu_order":0,"comment_status":"closed","ping_status":"closed","template":"","meta":{"_joinchat":[],"footnotes":""},"class_list":["post-422","page","type-page","status-publish","hentry"],"aioseo_notices":[],"yoast_head":"<!-- This site is optimized with the Yoast SEO plugin v27.4 - https:\/\/yoast.com\/product\/yoast-seo-wordpress\/ -->\n<title>Direito Imobili\u00e1rio - MCOTAQUES ADVOCACIA<\/title>\n<meta name=\"robots\" content=\"index, follow, max-snippet:-1, max-image-preview:large, max-video-preview:-1\" \/>\n<link rel=\"canonical\" href=\"https:\/\/mcotaques.adv.br\/en\/direito-imobiliario\/\" \/>\n<meta property=\"og:locale\" content=\"en_US\" \/>\n<meta property=\"og:type\" content=\"article\" \/>\n<meta property=\"og:title\" content=\"Direito Imobili\u00e1rio - MCOTAQUES ADVOCACIA\" \/>\n<meta property=\"og:description\" content=\"Direito Imobili\u00e1rio No din\u00e2mico e crucial universo do Direito Imobili\u00e1rio, lidamos com o patrim\u00f4nio mais valioso de indiv\u00edduos e empresas. A MCOTAQUES ADVOCACIA oferece uma atua\u00e7\u00e3o estrat\u00e9gica e personalizada, assegurando a blindagem jur\u00eddica em todas as etapas que envolvem bens im\u00f3veis: desde a negocia\u00e7\u00e3o e contrata\u00e7\u00e3o at\u00e9 a resolu\u00e7\u00e3o de lit\u00edgios e regulariza\u00e7\u00f5es complexas. Nossa [&hellip;]\" \/>\n<meta property=\"og:url\" content=\"https:\/\/mcotaques.adv.br\/en\/direito-imobiliario\/\" \/>\n<meta property=\"og:site_name\" content=\"MCOTAQUES ADVOCACIA\" \/>\n<meta property=\"article:modified_time\" content=\"2026-01-12T16:23:08+00:00\" \/>\n<meta name=\"twitter:card\" content=\"summary_large_image\" \/>\n<meta name=\"twitter:label1\" content=\"Est. reading time\" \/>\n\t<meta name=\"twitter:data1\" content=\"1 minute\" \/>\n<script type=\"application\/ld+json\" class=\"yoast-schema-graph\">{\"@context\":\"https:\\\/\\\/schema.org\",\"@graph\":[{\"@type\":\"WebPage\",\"@id\":\"https:\\\/\\\/mcotaques.adv.br\\\/direito-imobiliario\\\/\",\"url\":\"https:\\\/\\\/mcotaques.adv.br\\\/direito-imobiliario\\\/\",\"name\":\"Direito Imobili\u00e1rio - MCOTAQUES ADVOCACIA\",\"isPartOf\":{\"@id\":\"https:\\\/\\\/mcotaques.adv.br\\\/#website\"},\"datePublished\":\"2025-05-30T16:23:37+00:00\",\"dateModified\":\"2026-01-12T16:23:08+00:00\",\"breadcrumb\":{\"@id\":\"https:\\\/\\\/mcotaques.adv.br\\\/direito-imobiliario\\\/#breadcrumb\"},\"inLanguage\":\"en-US\",\"potentialAction\":[{\"@type\":\"ReadAction\",\"target\":[\"https:\\\/\\\/mcotaques.adv.br\\\/direito-imobiliario\\\/\"]}]},{\"@type\":\"BreadcrumbList\",\"@id\":\"https:\\\/\\\/mcotaques.adv.br\\\/direito-imobiliario\\\/#breadcrumb\",\"itemListElement\":[{\"@type\":\"ListItem\",\"position\":1,\"name\":\"In\u00edcio\",\"item\":\"https:\\\/\\\/mcotaques.adv.br\\\/\"},{\"@type\":\"ListItem\",\"position\":2,\"name\":\"Direito Imobili\u00e1rio\"}]},{\"@type\":\"WebSite\",\"@id\":\"https:\\\/\\\/mcotaques.adv.br\\\/#website\",\"url\":\"https:\\\/\\\/mcotaques.adv.br\\\/\",\"name\":\"MCOTAQUES ADVOCACIA\",\"description\":\"\",\"publisher\":{\"@id\":\"https:\\\/\\\/mcotaques.adv.br\\\/#organization\"},\"potentialAction\":[{\"@type\":\"SearchAction\",\"target\":{\"@type\":\"EntryPoint\",\"urlTemplate\":\"https:\\\/\\\/mcotaques.adv.br\\\/?s={search_term_string}\"},\"query-input\":{\"@type\":\"PropertyValueSpecification\",\"valueRequired\":true,\"valueName\":\"search_term_string\"}}],\"inLanguage\":\"en-US\"},{\"@type\":\"Organization\",\"@id\":\"https:\\\/\\\/mcotaques.adv.br\\\/#organization\",\"name\":\"MCOTAQUES ADVOCACIA\",\"url\":\"https:\\\/\\\/mcotaques.adv.br\\\/\",\"logo\":{\"@type\":\"ImageObject\",\"inLanguage\":\"en-US\",\"@id\":\"https:\\\/\\\/mcotaques.adv.br\\\/#\\\/schema\\\/logo\\\/image\\\/\",\"url\":\"https:\\\/\\\/mcotaques.adv.br\\\/wp-content\\\/uploads\\\/2023\\\/02\\\/39d3f439-ce8c-431a-9503-00956bd942af-e1747751645972.png\",\"contentUrl\":\"https:\\\/\\\/mcotaques.adv.br\\\/wp-content\\\/uploads\\\/2023\\\/02\\\/39d3f439-ce8c-431a-9503-00956bd942af-e1747751645972.png\",\"width\":300,\"height\":228,\"caption\":\"MCOTAQUES ADVOCACIA\"},\"image\":{\"@id\":\"https:\\\/\\\/mcotaques.adv.br\\\/#\\\/schema\\\/logo\\\/image\\\/\"}}]}<\/script>\n<!-- \/ Yoast SEO plugin. -->","yoast_head_json":{"title":"Direito Imobili\u00e1rio - MCOTAQUES ADVOCACIA","robots":{"index":"index","follow":"follow","max-snippet":"max-snippet:-1","max-image-preview":"max-image-preview:large","max-video-preview":"max-video-preview:-1"},"canonical":"https:\/\/mcotaques.adv.br\/en\/direito-imobiliario\/","og_locale":"en_US","og_type":"article","og_title":"Direito Imobili\u00e1rio - MCOTAQUES ADVOCACIA","og_description":"Direito Imobili\u00e1rio No din\u00e2mico e crucial universo do Direito Imobili\u00e1rio, lidamos com o patrim\u00f4nio mais valioso de indiv\u00edduos e empresas. A MCOTAQUES ADVOCACIA oferece uma atua\u00e7\u00e3o estrat\u00e9gica e personalizada, assegurando a blindagem jur\u00eddica em todas as etapas que envolvem bens im\u00f3veis: desde a negocia\u00e7\u00e3o e contrata\u00e7\u00e3o at\u00e9 a resolu\u00e7\u00e3o de lit\u00edgios e regulariza\u00e7\u00f5es complexas. Nossa [&hellip;]","og_url":"https:\/\/mcotaques.adv.br\/en\/direito-imobiliario\/","og_site_name":"MCOTAQUES ADVOCACIA","article_modified_time":"2026-01-12T16:23:08+00:00","twitter_card":"summary_large_image","twitter_misc":{"Est. reading time":"1 minute"},"schema":{"@context":"https:\/\/schema.org","@graph":[{"@type":"WebPage","@id":"https:\/\/mcotaques.adv.br\/direito-imobiliario\/","url":"https:\/\/mcotaques.adv.br\/direito-imobiliario\/","name":"Direito Imobili\u00e1rio - MCOTAQUES ADVOCACIA","isPartOf":{"@id":"https:\/\/mcotaques.adv.br\/#website"},"datePublished":"2025-05-30T16:23:37+00:00","dateModified":"2026-01-12T16:23:08+00:00","breadcrumb":{"@id":"https:\/\/mcotaques.adv.br\/direito-imobiliario\/#breadcrumb"},"inLanguage":"en-US","potentialAction":[{"@type":"ReadAction","target":["https:\/\/mcotaques.adv.br\/direito-imobiliario\/"]}]},{"@type":"BreadcrumbList","@id":"https:\/\/mcotaques.adv.br\/direito-imobiliario\/#breadcrumb","itemListElement":[{"@type":"ListItem","position":1,"name":"In\u00edcio","item":"https:\/\/mcotaques.adv.br\/"},{"@type":"ListItem","position":2,"name":"Direito Imobili\u00e1rio"}]},{"@type":"WebSite","@id":"https:\/\/mcotaques.adv.br\/#website","url":"https:\/\/mcotaques.adv.br\/","name":"MCOTAQUES ADVOCACIA","description":"","publisher":{"@id":"https:\/\/mcotaques.adv.br\/#organization"},"potentialAction":[{"@type":"SearchAction","target":{"@type":"EntryPoint","urlTemplate":"https:\/\/mcotaques.adv.br\/?s={search_term_string}"},"query-input":{"@type":"PropertyValueSpecification","valueRequired":true,"valueName":"search_term_string"}}],"inLanguage":"en-US"},{"@type":"Organization","@id":"https:\/\/mcotaques.adv.br\/#organization","name":"MCOTAQUES ADVOCACIA","url":"https:\/\/mcotaques.adv.br\/","logo":{"@type":"ImageObject","inLanguage":"en-US","@id":"https:\/\/mcotaques.adv.br\/#\/schema\/logo\/image\/","url":"https:\/\/mcotaques.adv.br\/wp-content\/uploads\/2023\/02\/39d3f439-ce8c-431a-9503-00956bd942af-e1747751645972.png","contentUrl":"https:\/\/mcotaques.adv.br\/wp-content\/uploads\/2023\/02\/39d3f439-ce8c-431a-9503-00956bd942af-e1747751645972.png","width":300,"height":228,"caption":"MCOTAQUES ADVOCACIA"},"image":{"@id":"https:\/\/mcotaques.adv.br\/#\/schema\/logo\/image\/"}}]}},"_links":{"self":[{"href":"https:\/\/mcotaques.adv.br\/en\/wp-json\/wp\/v2\/pages\/422","targetHints":{"allow":["GET"]}}],"collection":[{"href":"https:\/\/mcotaques.adv.br\/en\/wp-json\/wp\/v2\/pages"}],"about":[{"href":"https:\/\/mcotaques.adv.br\/en\/wp-json\/wp\/v2\/types\/page"}],"author":[{"embeddable":true,"href":"https:\/\/mcotaques.adv.br\/en\/wp-json\/wp\/v2\/users\/1"}],"replies":[{"embeddable":true,"href":"https:\/\/mcotaques.adv.br\/en\/wp-json\/wp\/v2\/comments?post=422"}],"version-history":[{"count":34,"href":"https:\/\/mcotaques.adv.br\/en\/wp-json\/wp\/v2\/pages\/422\/revisions"}],"predecessor-version":[{"id":830,"href":"https:\/\/mcotaques.adv.br\/en\/wp-json\/wp\/v2\/pages\/422\/revisions\/830"}],"wp:attachment":[{"href":"https:\/\/mcotaques.adv.br\/en\/wp-json\/wp\/v2\/media?parent=422"}],"curies":[{"name":"wp","href":"https:\/\/api.w.org\/{rel}","templated":true}]}}