{"id":447,"date":"2025-05-30T16:35:10","date_gmt":"2025-05-30T16:35:10","guid":{"rendered":"https:\/\/mcotaques.adv.br\/?page_id=447"},"modified":"2026-01-12T16:22:57","modified_gmt":"2026-01-12T16:22:57","slug":"direito-do-trabalho","status":"publish","type":"page","link":"https:\/\/mcotaques.adv.br\/en\/direito-do-trabalho\/","title":{"rendered":"Direito do Trabalho"},"content":{"rendered":"<div data-elementor-type=\"wp-page\" data-elementor-id=\"447\" class=\"elementor elementor-447\" data-elementor-post-type=\"page\"> \t\t\t\t\t\t<section class=\"elementor-section elementor-top-section elementor-element elementor-element-006ab17 elementor-section-height-min-height elementor-section-items-bottom elementor-section-boxed elementor-section-height-default\" data-id=\"006ab17\" data-element_type=\"section\" data-e-type=\"section\" data-settings=\"{&quot;background_background&quot;:&quot;classic&quot;}\"> \t\t\t\t\t\t\t<div class=\"elementor-background-overlay\"><\/div> \t\t\t\t\t\t\t<div class=\"elementor-container elementor-column-gap-default\"> \t\t\t\t\t<div class=\"elementor-column elementor-col-100 elementor-top-column elementor-element elementor-element-50a7530\" data-id=\"50a7530\" data-element_type=\"column\" data-e-type=\"column\"> \t\t\t<div class=\"elementor-widget-wrap elementor-element-populated\"> \t\t\t\t\t\t<div class=\"elementor-element elementor-element-27d6c61 elementor-widget elementor-widget-heading\" data-id=\"27d6c61\" data-element_type=\"widget\" data-e-type=\"widget\" data-widget_type=\"heading.default\"> \t\t\t\t<div class=\"elementor-widget-container\"> \t\t\t\t\t<h2 class=\"elementor-heading-title elementor-size-default\">Direito do Trabalho <\/h2>\t\t\t\t<\/div> \t\t\t\t<\/div> \t\t\t\t\t<\/div> \t\t<\/div> \t\t\t\t\t<\/div> \t\t<\/section> \t\t\t\t<section class=\"elementor-section elementor-top-section elementor-element elementor-element-a18dccc elementor-section-height-min-height elementor-section-boxed elementor-section-height-default elementor-section-items-middle\" data-id=\"a18dccc\" data-element_type=\"section\" data-e-type=\"section\"> \t\t\t\t\t\t<div class=\"elementor-container elementor-column-gap-default\"> \t\t\t\t\t<div class=\"elementor-column elementor-col-100 elementor-top-column elementor-element elementor-element-7ee3f46\" data-id=\"7ee3f46\" data-element_type=\"column\" data-e-type=\"column\"> \t\t\t<div class=\"elementor-widget-wrap elementor-element-populated\"> \t\t\t\t\t\t<div class=\"elementor-element elementor-element-424b10c elementor-widget elementor-widget-text-editor\" data-id=\"424b10c\" data-element_type=\"widget\" data-e-type=\"widget\" data-widget_type=\"text-editor.default\"> \t\t\t\t<div class=\"elementor-widget-container\"> \t\t\t\t\t\t\t\t\t<p data-start=\"149\" data-end=\"352\">O Direito do Trabalho \u00e9 um pilar fundamental nas rela\u00e7\u00f5es profissionais, exigindo um olhar t\u00e9cnico e estrat\u00e9gico para assegurar o respeito aos direitos e deveres de empregados e empregadores. A MCOTAQUES ADVOCACIA atua com profundo conhecimento e \u00e9tica rigorosa, oferecendo representa\u00e7\u00e3o jur\u00eddica eficaz para ambas as partes.<\/p><p data-start=\"149\" data-end=\"352\">Nossa expertise abrange um vasto leque de quest\u00f5es, seja na preven\u00e7\u00e3o de conflitos ou na defesa em lit\u00edgios:<\/p><p data-start=\"149\" data-end=\"352\"><strong>\u2022 Para Empregados:<\/strong> Lutamos pela justa repara\u00e7\u00e3o de verbas rescis\u00f3rias, horas extras, adicionais (noturno, periculosidade, insalubridade), equipara\u00e7\u00e3o salarial, estabilidade, ass\u00e9dio moral e sexual, justa causa indevida, e acidentes de trabalho.<\/p><p data-start=\"149\" data-end=\"352\"><strong>\u2022 Para Empregadores:<\/strong> Oferecemos consultoria preventiva, elabora\u00e7\u00e3o e revis\u00e3o de contratos de trabalho, defesa em reclama\u00e7\u00f5es trabalhistas, orienta\u00e7\u00e3o sobre justa causa, acordos judiciais e administrativos, visando a minimiza\u00e7\u00e3o de riscos e passivos trabalhistas.<\/p><p data-start=\"149\" data-end=\"352\">Seja em demandas individuais ou em negocia\u00e7\u00f5es coletivas, nosso compromisso \u00e9 com a obten\u00e7\u00e3o de solu\u00e7\u00f5es justas e eficientes, pautadas na transpar\u00eancia e na busca pelos melhores resultados.<\/p><p data-start=\"149\" data-end=\"352\">Conte com a MCOTAQUES ADVOCACIA para navegar com seguran\u00e7a pela complexidade da legisla\u00e7\u00e3o trabalhista, protegendo seus direitos ou o seu neg\u00f3cio com intelig\u00eancia e dedica\u00e7\u00e3o.<\/p>\t\t\t\t\t\t\t\t<\/div> \t\t\t\t<\/div> \t\t\t\t\t<\/div> \t\t<\/div> \t\t\t\t\t<\/div> \t\t<\/section> \t\t\t\t<section class=\"elementor-section elementor-top-section elementor-element elementor-element-8968ac2 elementor-section-height-min-height elementor-section-boxed elementor-section-height-default elementor-section-items-middle\" data-id=\"8968ac2\" data-element_type=\"section\" data-e-type=\"section\" data-settings=\"{&quot;background_background&quot;:&quot;classic&quot;}\"> \t\t\t\t\t\t\t<div class=\"elementor-background-overlay\"><\/div> \t\t\t\t\t\t\t<div class=\"elementor-container elementor-column-gap-default\"> \t\t\t\t\t<div class=\"elementor-column elementor-col-100 elementor-top-column elementor-element elementor-element-19ea568\" data-id=\"19ea568\" data-element_type=\"column\" data-e-type=\"column\"> \t\t\t<div class=\"elementor-widget-wrap elementor-element-populated\"> \t\t\t\t\t\t<div class=\"elementor-element elementor-element-510d65e elementor-widget elementor-widget-heading\" data-id=\"510d65e\" data-element_type=\"widget\" data-e-type=\"widget\" data-widget_type=\"heading.default\"> \t\t\t\t<div class=\"elementor-widget-container\"> \t\t\t\t\t<h2 class=\"elementor-heading-title elementor-size-default\">Quer uma abordagem profissional e din\u00e2mica, com qualidade e \u00e9tica? Venha conversar com um de nossos advogados. <\/h2>\t\t\t\t<\/div> \t\t\t\t<\/div> \t\t\t\t<div class=\"elementor-element elementor-element-dff6346 elementor-align-center elementor-widget elementor-widget-button\" data-id=\"dff6346\" data-element_type=\"widget\" data-e-type=\"widget\" data-widget_type=\"button.default\"> \t\t\t\t<div class=\"elementor-widget-container\"> \t\t\t\t\t\t\t\t\t<div class=\"elementor-button-wrapper\"> \t\t\t\t\t<a class=\"elementor-button elementor-button-link elementor-size-sm\" href=\"https:\/\/mcotaques.adv.br\/en\/consulta-online\/\"> \t\t\t\t\t\t<span class=\"elementor-button-content-wrapper\"> \t\t\t\t\t\t\t\t\t<span class=\"elementor-button-text\">Agende sua consulta<\/span> \t\t\t\t\t<\/span> \t\t\t\t\t<\/a> \t\t\t\t<\/div> \t\t\t\t\t\t\t\t<\/div> \t\t\t\t<\/div> \t\t\t\t\t<\/div> \t\t<\/div> \t\t\t\t\t<\/div> \t\t<\/section> \t\t\t\t<\/div>","protected":false},"excerpt":{"rendered":"<p>Direito do Trabalho O Direito do Trabalho \u00e9 um pilar fundamental nas rela\u00e7\u00f5es profissionais, exigindo um olhar t\u00e9cnico e estrat\u00e9gico para assegurar o respeito aos direitos e deveres de empregados e empregadores. A MCOTAQUES ADVOCACIA atua com profundo conhecimento e \u00e9tica rigorosa, oferecendo representa\u00e7\u00e3o jur\u00eddica eficaz para ambas as partes. Nossa expertise abrange um vasto [&hellip;]<\/p>\n","protected":false},"author":1,"featured_media":0,"parent":0,"menu_order":0,"comment_status":"closed","ping_status":"closed","template":"","meta":{"_joinchat":[],"footnotes":""},"class_list":["post-447","page","type-page","status-publish","hentry"],"aioseo_notices":[],"yoast_head":"<!-- This site is optimized with the Yoast SEO plugin v27.4 - https:\/\/yoast.com\/product\/yoast-seo-wordpress\/ -->\n<title>Direito do Trabalho - MCOTAQUES ADVOCACIA<\/title>\n<meta name=\"robots\" content=\"index, follow, max-snippet:-1, max-image-preview:large, max-video-preview:-1\" \/>\n<link rel=\"canonical\" href=\"https:\/\/mcotaques.adv.br\/en\/direito-do-trabalho\/\" \/>\n<meta property=\"og:locale\" content=\"en_US\" \/>\n<meta property=\"og:type\" content=\"article\" \/>\n<meta property=\"og:title\" content=\"Direito do Trabalho - MCOTAQUES ADVOCACIA\" \/>\n<meta property=\"og:description\" content=\"Direito do Trabalho O Direito do Trabalho \u00e9 um pilar fundamental nas rela\u00e7\u00f5es profissionais, exigindo um olhar t\u00e9cnico e estrat\u00e9gico para assegurar o respeito aos direitos e deveres de empregados e empregadores. A MCOTAQUES ADVOCACIA atua com profundo conhecimento e \u00e9tica rigorosa, oferecendo representa\u00e7\u00e3o jur\u00eddica eficaz para ambas as partes. Nossa expertise abrange um vasto [&hellip;]\" \/>\n<meta property=\"og:url\" content=\"https:\/\/mcotaques.adv.br\/en\/direito-do-trabalho\/\" \/>\n<meta property=\"og:site_name\" content=\"MCOTAQUES ADVOCACIA\" \/>\n<meta property=\"article:modified_time\" content=\"2026-01-12T16:22:57+00:00\" \/>\n<meta name=\"twitter:card\" content=\"summary_large_image\" \/>\n<meta name=\"twitter:label1\" content=\"Est. reading time\" \/>\n\t<meta name=\"twitter:data1\" content=\"1 minute\" \/>\n<script type=\"application\/ld+json\" class=\"yoast-schema-graph\">{\"@context\":\"https:\\\/\\\/schema.org\",\"@graph\":[{\"@type\":\"WebPage\",\"@id\":\"https:\\\/\\\/mcotaques.adv.br\\\/direito-do-trabalho\\\/\",\"url\":\"https:\\\/\\\/mcotaques.adv.br\\\/direito-do-trabalho\\\/\",\"name\":\"Direito do Trabalho - MCOTAQUES ADVOCACIA\",\"isPartOf\":{\"@id\":\"https:\\\/\\\/mcotaques.adv.br\\\/#website\"},\"datePublished\":\"2025-05-30T16:35:10+00:00\",\"dateModified\":\"2026-01-12T16:22:57+00:00\",\"breadcrumb\":{\"@id\":\"https:\\\/\\\/mcotaques.adv.br\\\/direito-do-trabalho\\\/#breadcrumb\"},\"inLanguage\":\"en-US\",\"potentialAction\":[{\"@type\":\"ReadAction\",\"target\":[\"https:\\\/\\\/mcotaques.adv.br\\\/direito-do-trabalho\\\/\"]}]},{\"@type\":\"BreadcrumbList\",\"@id\":\"https:\\\/\\\/mcotaques.adv.br\\\/direito-do-trabalho\\\/#breadcrumb\",\"itemListElement\":[{\"@type\":\"ListItem\",\"position\":1,\"name\":\"In\u00edcio\",\"item\":\"https:\\\/\\\/mcotaques.adv.br\\\/\"},{\"@type\":\"ListItem\",\"position\":2,\"name\":\"Direito do Trabalho\"}]},{\"@type\":\"WebSite\",\"@id\":\"https:\\\/\\\/mcotaques.adv.br\\\/#website\",\"url\":\"https:\\\/\\\/mcotaques.adv.br\\\/\",\"name\":\"MCOTAQUES ADVOCACIA\",\"description\":\"\",\"publisher\":{\"@id\":\"https:\\\/\\\/mcotaques.adv.br\\\/#organization\"},\"potentialAction\":[{\"@type\":\"SearchAction\",\"target\":{\"@type\":\"EntryPoint\",\"urlTemplate\":\"https:\\\/\\\/mcotaques.adv.br\\\/?s={search_term_string}\"},\"query-input\":{\"@type\":\"PropertyValueSpecification\",\"valueRequired\":true,\"valueName\":\"search_term_string\"}}],\"inLanguage\":\"en-US\"},{\"@type\":\"Organization\",\"@id\":\"https:\\\/\\\/mcotaques.adv.br\\\/#organization\",\"name\":\"MCOTAQUES ADVOCACIA\",\"url\":\"https:\\\/\\\/mcotaques.adv.br\\\/\",\"logo\":{\"@type\":\"ImageObject\",\"inLanguage\":\"en-US\",\"@id\":\"https:\\\/\\\/mcotaques.adv.br\\\/#\\\/schema\\\/logo\\\/image\\\/\",\"url\":\"https:\\\/\\\/mcotaques.adv.br\\\/wp-content\\\/uploads\\\/2023\\\/02\\\/39d3f439-ce8c-431a-9503-00956bd942af-e1747751645972.png\",\"contentUrl\":\"https:\\\/\\\/mcotaques.adv.br\\\/wp-content\\\/uploads\\\/2023\\\/02\\\/39d3f439-ce8c-431a-9503-00956bd942af-e1747751645972.png\",\"width\":300,\"height\":228,\"caption\":\"MCOTAQUES ADVOCACIA\"},\"image\":{\"@id\":\"https:\\\/\\\/mcotaques.adv.br\\\/#\\\/schema\\\/logo\\\/image\\\/\"}}]}<\/script>\n<!-- \/ Yoast SEO plugin. -->","yoast_head_json":{"title":"Direito do Trabalho - MCOTAQUES ADVOCACIA","robots":{"index":"index","follow":"follow","max-snippet":"max-snippet:-1","max-image-preview":"max-image-preview:large","max-video-preview":"max-video-preview:-1"},"canonical":"https:\/\/mcotaques.adv.br\/en\/direito-do-trabalho\/","og_locale":"en_US","og_type":"article","og_title":"Direito do Trabalho - MCOTAQUES ADVOCACIA","og_description":"Direito do Trabalho O Direito do Trabalho \u00e9 um pilar fundamental nas rela\u00e7\u00f5es profissionais, exigindo um olhar t\u00e9cnico e estrat\u00e9gico para assegurar o respeito aos direitos e deveres de empregados e empregadores. A MCOTAQUES ADVOCACIA atua com profundo conhecimento e \u00e9tica rigorosa, oferecendo representa\u00e7\u00e3o jur\u00eddica eficaz para ambas as partes. Nossa expertise abrange um vasto [&hellip;]","og_url":"https:\/\/mcotaques.adv.br\/en\/direito-do-trabalho\/","og_site_name":"MCOTAQUES ADVOCACIA","article_modified_time":"2026-01-12T16:22:57+00:00","twitter_card":"summary_large_image","twitter_misc":{"Est. reading time":"1 minute"},"schema":{"@context":"https:\/\/schema.org","@graph":[{"@type":"WebPage","@id":"https:\/\/mcotaques.adv.br\/direito-do-trabalho\/","url":"https:\/\/mcotaques.adv.br\/direito-do-trabalho\/","name":"Direito do Trabalho - MCOTAQUES ADVOCACIA","isPartOf":{"@id":"https:\/\/mcotaques.adv.br\/#website"},"datePublished":"2025-05-30T16:35:10+00:00","dateModified":"2026-01-12T16:22:57+00:00","breadcrumb":{"@id":"https:\/\/mcotaques.adv.br\/direito-do-trabalho\/#breadcrumb"},"inLanguage":"en-US","potentialAction":[{"@type":"ReadAction","target":["https:\/\/mcotaques.adv.br\/direito-do-trabalho\/"]}]},{"@type":"BreadcrumbList","@id":"https:\/\/mcotaques.adv.br\/direito-do-trabalho\/#breadcrumb","itemListElement":[{"@type":"ListItem","position":1,"name":"In\u00edcio","item":"https:\/\/mcotaques.adv.br\/"},{"@type":"ListItem","position":2,"name":"Direito do Trabalho"}]},{"@type":"WebSite","@id":"https:\/\/mcotaques.adv.br\/#website","url":"https:\/\/mcotaques.adv.br\/","name":"MCOTAQUES ADVOCACIA","description":"","publisher":{"@id":"https:\/\/mcotaques.adv.br\/#organization"},"potentialAction":[{"@type":"SearchAction","target":{"@type":"EntryPoint","urlTemplate":"https:\/\/mcotaques.adv.br\/?s={search_term_string}"},"query-input":{"@type":"PropertyValueSpecification","valueRequired":true,"valueName":"search_term_string"}}],"inLanguage":"en-US"},{"@type":"Organization","@id":"https:\/\/mcotaques.adv.br\/#organization","name":"MCOTAQUES ADVOCACIA","url":"https:\/\/mcotaques.adv.br\/","logo":{"@type":"ImageObject","inLanguage":"en-US","@id":"https:\/\/mcotaques.adv.br\/#\/schema\/logo\/image\/","url":"https:\/\/mcotaques.adv.br\/wp-content\/uploads\/2023\/02\/39d3f439-ce8c-431a-9503-00956bd942af-e1747751645972.png","contentUrl":"https:\/\/mcotaques.adv.br\/wp-content\/uploads\/2023\/02\/39d3f439-ce8c-431a-9503-00956bd942af-e1747751645972.png","width":300,"height":228,"caption":"MCOTAQUES ADVOCACIA"},"image":{"@id":"https:\/\/mcotaques.adv.br\/#\/schema\/logo\/image\/"}}]}},"_links":{"self":[{"href":"https:\/\/mcotaques.adv.br\/en\/wp-json\/wp\/v2\/pages\/447","targetHints":{"allow":["GET"]}}],"collection":[{"href":"https:\/\/mcotaques.adv.br\/en\/wp-json\/wp\/v2\/pages"}],"about":[{"href":"https:\/\/mcotaques.adv.br\/en\/wp-json\/wp\/v2\/types\/page"}],"author":[{"embeddable":true,"href":"https:\/\/mcotaques.adv.br\/en\/wp-json\/wp\/v2\/users\/1"}],"replies":[{"embeddable":true,"href":"https:\/\/mcotaques.adv.br\/en\/wp-json\/wp\/v2\/comments?post=447"}],"version-history":[{"count":22,"href":"https:\/\/mcotaques.adv.br\/en\/wp-json\/wp\/v2\/pages\/447\/revisions"}],"predecessor-version":[{"id":827,"href":"https:\/\/mcotaques.adv.br\/en\/wp-json\/wp\/v2\/pages\/447\/revisions\/827"}],"wp:attachment":[{"href":"https:\/\/mcotaques.adv.br\/en\/wp-json\/wp\/v2\/media?parent=447"}],"curies":[{"name":"wp","href":"https:\/\/api.w.org\/{rel}","templated":true}]}}